{"id":25452,"date":"2024-08-02T00:54:47","date_gmt":"2024-08-02T05:54:47","guid":{"rendered":"https:\/\/dev2.goarchitecture.site\/producto\/recortes-de-plantas-en-maceta\/"},"modified":"2025-07-03T12:28:10","modified_gmt":"2025-07-03T17:28:10","slug":"recortes-de-plantas-en-maceta","status":"publish","type":"product","link":"https:\/\/dev2.goarchitecture.site\/es\/producto\/recortes-de-plantas-en-maceta\/","title":{"rendered":"Recortes de plantas en maceta"},"content":{"rendered":"<p>68 Plantas recortadas de maceta<\/p>\n<p>&nbsp;<\/p>\n<p>una opci\u00f3n excelente para tus dibujos arquitect\u00f3nicos ( Secciones, Alzados, Planos, Collages, etc.)<\/p>\n<p>Formato de archivo: PNG<\/p>\n<p>Por : <a href=\"https:\/\/www.instagram.com\/go_architecture\/\" rel=\"nofollow noopener\" target=\"_blank\">@go_architecture<\/a><\/p>\n<p>&nbsp;<\/p>\n<p>&nbsp;<\/p>\n<p>INSTRUCCIONES:<\/p>\n<p>&nbsp;<\/p>\n<p>&nbsp;<\/p>\n<p>Las ilustraciones se entregar\u00e1n en formato .RAR o .ZIP, por lo que ser\u00e1 necesario descomprimirlas con un programa gratuito como WinRar. Una vez extra\u00eddas, \u00a1estar\u00e1n listas para que las utilices!<\/p>\n","protected":false},"excerpt":{"rendered":"<p>68 Plantas recortadas de maceta<\/p>\n<p>&nbsp;<\/p>\n<p>una opci\u00f3n excelente para tus dibujos arquitect\u00f3nicos ( Secciones, Alzados, Planos, Collages, etc.)<\/p>\n<p>Formato de archivo: PNG<\/p>\n<p>Por : <a href=\"https:\/\/www.instagram.com\/go_architecture\/\" rel=\"nofollow\">@go_architecture<\/a><\/p>\n<p>&nbsp;<\/p>\n<p>&nbsp;<\/p>\n<p>INSTRUCCIONES:<\/p>\n<p>&nbsp;<\/p>\n<p>&nbsp;<\/p>\n<p>Las ilustraciones se entregar\u00e1n en formato .RAR o .ZIP, por lo que ser\u00e1 necesario descomprimirlas con un programa gratuito como WinRar. Una vez extra\u00eddas, \u00a1estar\u00e1n listas para que las utilices!<\/p>\n","protected":false},"featured_media":24738,"comment_status":"open","ping_status":"closed","template":"","meta":{"_acf_changed":false},"product_brand":[],"product_cat":[1103,1113,1106,1114,1119,1109,1126,1102,1115,1122],"product_tag":[1465,1464,1212],"class_list":{"0":"post-25452","1":"product","2":"type-product","3":"status-publish","4":"has-post-thumbnail","6":"product_cat-coleccion","7":"product_cat-megapacks-es","8":"product_cat-naturaleza","9":"product_cat-nuevo","10":"product_cat-photoshop-es","11":"product_cat-plantas","12":"product_cat-png-es","13":"product_cat-recursos","14":"product_cat-software-es","15":"product_cat-tipo","16":"product_tag-collage-es","17":"product_tag-corte","18":"product_tag-plantas","20":"first","21":"instock","22":"sale","23":"downloadable","24":"virtual","25":"purchasable","26":"product-type-simple"},"acf":[],"_links":{"self":[{"href":"https:\/\/dev2.goarchitecture.site\/es\/wp-json\/wp\/v2\/product\/25452","targetHints":{"allow":["GET"]}}],"collection":[{"href":"https:\/\/dev2.goarchitecture.site\/es\/wp-json\/wp\/v2\/product"}],"about":[{"href":"https:\/\/dev2.goarchitecture.site\/es\/wp-json\/wp\/v2\/types\/product"}],"replies":[{"embeddable":true,"href":"https:\/\/dev2.goarchitecture.site\/es\/wp-json\/wp\/v2\/comments?post=25452"}],"wp:featuredmedia":[{"embeddable":true,"href":"https:\/\/dev2.goarchitecture.site\/es\/wp-json\/wp\/v2\/media\/24738"}],"wp:attachment":[{"href":"https:\/\/dev2.goarchitecture.site\/es\/wp-json\/wp\/v2\/media?parent=25452"}],"wp:term":[{"taxonomy":"product_brand","embeddable":true,"href":"https:\/\/dev2.goarchitecture.site\/es\/wp-json\/wp\/v2\/product_brand?post=25452"},{"taxonomy":"product_cat","embeddable":true,"href":"https:\/\/dev2.goarchitecture.site\/es\/wp-json\/wp\/v2\/product_cat?post=25452"},{"taxonomy":"product_tag","embeddable":true,"href":"https:\/\/dev2.goarchitecture.site\/es\/wp-json\/wp\/v2\/product_tag?post=25452"}],"curies":[{"name":"wp","href":"https:\/\/api.w.org\/{rel}","templated":true}]}}