{"id":25451,"date":"2024-07-25T22:05:18","date_gmt":"2024-07-26T03:05:18","guid":{"rendered":"https:\/\/dev2.goarchitecture.site\/producto\/arboles-raices-go\/"},"modified":"2025-06-21T09:33:44","modified_gmt":"2025-06-21T14:33:44","slug":"arboles-raices-go","status":"publish","type":"product","link":"https:\/\/dev2.goarchitecture.site\/es\/producto\/arboles-raices-go\/","title":{"rendered":"\u00c1rboles Ra\u00edces &#8211; GO"},"content":{"rendered":"<p>Paquete de 20 \u00c1rboles planos ilustrados<\/p>\n<p> una excelente opci\u00f3n para tus dibujos arquitect\u00f3nicos ( Secciones, Alzados, Planos, Collages, etc.)<\/p>\n<p>Formato de archivo: PNG + AI<\/p>\n<p>Por : <a href=\"https:\/\/www.instagram.com\/go_architecture\/\" rel=\"nofollow noopener\" target=\"_blank\">@go_architecture<\/a><\/p>\n<p>INSTRUCCIONES:<\/p>\n<p>Las ilustraciones se entregar\u00e1n en formato .RAR, por lo que ser\u00e1 necesario descomprimirlas con un programa gratuito como WinRar. Una vez extra\u00eddas, \u00a1ya est\u00e1n listas para que las utilices!<\/p>\n","protected":false},"excerpt":{"rendered":"<p>Paquete de 20 \u00c1rboles planos ilustrados<\/p>\n<p> una excelente opci\u00f3n para tus dibujos arquitect\u00f3nicos ( Secciones, Alzados, Planos, Collages, etc.)<\/p>\n<p>Formato de archivo: PNG + AI<\/p>\n<p>Por : <a href=\"https:\/\/www.instagram.com\/go_architecture\/\" rel=\"nofollow\">@go_architecture<\/a><\/p>\n<p>INSTRUCCIONES:<\/p>\n<p>Las ilustraciones se entregar\u00e1n en formato .RAR, por lo que ser\u00e1 necesario descomprimirlas con un programa gratuito como WinRar. Una vez extra\u00eddas, \u00a1ya est\u00e1n listas para que las utilices!<\/p>\n","protected":false},"featured_media":24542,"comment_status":"open","ping_status":"closed","template":"","meta":{"_acf_changed":false},"product_brand":[],"product_cat":[1124,1103,1117,1106,1114,1109,1126,1102,1115,1122],"product_tag":[1221,1210,1461,1462,1463],"class_list":{"0":"post-25451","1":"product","2":"type-product","3":"status-publish","4":"has-post-thumbnail","6":"product_cat-ai-es","7":"product_cat-coleccion","8":"product_cat-illustrator-es","9":"product_cat-naturaleza","10":"product_cat-nuevo","11":"product_cat-plantas","12":"product_cat-png-es","13":"product_cat-recursos","14":"product_cat-software-es","15":"product_cat-tipo","16":"product_tag-arboles","17":"product_tag-planta","18":"product_tag-raices","19":"product_tag-trazado-de-lineas","20":"product_tag-vegetacion","22":"first","23":"instock","24":"sale","25":"downloadable","26":"virtual","27":"taxable","28":"purchasable","29":"product-type-simple"},"acf":[],"_links":{"self":[{"href":"https:\/\/dev2.goarchitecture.site\/es\/wp-json\/wp\/v2\/product\/25451","targetHints":{"allow":["GET"]}}],"collection":[{"href":"https:\/\/dev2.goarchitecture.site\/es\/wp-json\/wp\/v2\/product"}],"about":[{"href":"https:\/\/dev2.goarchitecture.site\/es\/wp-json\/wp\/v2\/types\/product"}],"replies":[{"embeddable":true,"href":"https:\/\/dev2.goarchitecture.site\/es\/wp-json\/wp\/v2\/comments?post=25451"}],"wp:featuredmedia":[{"embeddable":true,"href":"https:\/\/dev2.goarchitecture.site\/es\/wp-json\/wp\/v2\/media\/24542"}],"wp:attachment":[{"href":"https:\/\/dev2.goarchitecture.site\/es\/wp-json\/wp\/v2\/media?parent=25451"}],"wp:term":[{"taxonomy":"product_brand","embeddable":true,"href":"https:\/\/dev2.goarchitecture.site\/es\/wp-json\/wp\/v2\/product_brand?post=25451"},{"taxonomy":"product_cat","embeddable":true,"href":"https:\/\/dev2.goarchitecture.site\/es\/wp-json\/wp\/v2\/product_cat?post=25451"},{"taxonomy":"product_tag","embeddable":true,"href":"https:\/\/dev2.goarchitecture.site\/es\/wp-json\/wp\/v2\/product_tag?post=25451"}],"curies":[{"name":"wp","href":"https:\/\/api.w.org\/{rel}","templated":true}]}}