{"id":25450,"date":"2024-07-19T18:58:40","date_gmt":"2024-07-19T23:58:40","guid":{"rendered":"https:\/\/dev2.goarchitecture.site\/producto\/analisis-del-sitio-go\/"},"modified":"2025-06-21T09:33:43","modified_gmt":"2025-06-21T14:33:43","slug":"analisis-del-sitio-go","status":"publish","type":"product","link":"https:\/\/dev2.goarchitecture.site\/es\/producto\/analisis-del-sitio-go\/","title":{"rendered":"An\u00e1lisis del sitio GO"},"content":{"rendered":"<p>\u00a1Acelera el an\u00e1lisis de tu sitio! Este paquete digital incluye elementos de dise\u00f1o esenciales como recorridos solares, indicadores de norte, barras de escala, flechas, iconos y paletas de colores. Descarga ahora archivos PNG y Adobe Illustrator de alta calidad y empieza a crear efectos visuales asombrosos.<\/p>\n<p>Formato de archivo: PNG + AI<\/p>\n<p>Por : GO arquitectura<\/p>\n<p>&nbsp;<\/p>\n<p>&nbsp;<\/p>\n<p>&nbsp;<\/p>\n<p>INSTRUCCIONES:<\/p>\n<p>&nbsp;<\/p>\n<p>Las ilustraciones se entregar\u00e1n en formato .RAR, por lo que ser\u00e1 necesario descomprimirlas con un programa gratuito como WinRar. Una vez extra\u00eddas, \u00a1estar\u00e1n listas para que las utilices!<\/p>\n","protected":false},"excerpt":{"rendered":"<p>\u00a1Acelera el an\u00e1lisis de tu sitio! Este paquete digital incluye elementos de dise\u00f1o esenciales como recorridos solares, indicadores de norte, barras de escala, flechas, iconos y paletas de colores. Descarga ahora archivos PNG y Adobe Illustrator de alta calidad y empieza a crear efectos visuales asombrosos.<\/p>\n","protected":false},"featured_media":24471,"comment_status":"open","ping_status":"closed","template":"","meta":{"_acf_changed":false},"product_brand":[],"product_cat":[1124,1103,1117,1113,1114,1107,1126,1102,1115,1122],"product_tag":[1459,1460,1458,1169],"class_list":{"0":"post-25450","1":"product","2":"type-product","3":"status-publish","4":"has-post-thumbnail","6":"product_cat-ai-es","7":"product_cat-coleccion","8":"product_cat-illustrator-es","9":"product_cat-megapacks-es","10":"product_cat-nuevo","11":"product_cat-patrones","12":"product_cat-png-es","13":"product_cat-recursos","14":"product_cat-software-es","15":"product_cat-tipo","16":"product_tag-analisis-del-sitio","17":"product_tag-cartografia","18":"product_tag-sitio","19":"product_tag-urbano","21":"first","22":"instock","23":"sale","24":"downloadable","25":"virtual","26":"taxable","27":"purchasable","28":"product-type-simple"},"acf":[],"_links":{"self":[{"href":"https:\/\/dev2.goarchitecture.site\/es\/wp-json\/wp\/v2\/product\/25450","targetHints":{"allow":["GET"]}}],"collection":[{"href":"https:\/\/dev2.goarchitecture.site\/es\/wp-json\/wp\/v2\/product"}],"about":[{"href":"https:\/\/dev2.goarchitecture.site\/es\/wp-json\/wp\/v2\/types\/product"}],"replies":[{"embeddable":true,"href":"https:\/\/dev2.goarchitecture.site\/es\/wp-json\/wp\/v2\/comments?post=25450"}],"wp:featuredmedia":[{"embeddable":true,"href":"https:\/\/dev2.goarchitecture.site\/es\/wp-json\/wp\/v2\/media\/24471"}],"wp:attachment":[{"href":"https:\/\/dev2.goarchitecture.site\/es\/wp-json\/wp\/v2\/media?parent=25450"}],"wp:term":[{"taxonomy":"product_brand","embeddable":true,"href":"https:\/\/dev2.goarchitecture.site\/es\/wp-json\/wp\/v2\/product_brand?post=25450"},{"taxonomy":"product_cat","embeddable":true,"href":"https:\/\/dev2.goarchitecture.site\/es\/wp-json\/wp\/v2\/product_cat?post=25450"},{"taxonomy":"product_tag","embeddable":true,"href":"https:\/\/dev2.goarchitecture.site\/es\/wp-json\/wp\/v2\/product_tag?post=25450"}],"curies":[{"name":"wp","href":"https:\/\/api.w.org\/{rel}","templated":true}]}}