{"id":24311,"date":"2024-07-11T21:44:01","date_gmt":"2024-07-12T02:44:01","guid":{"rendered":"https:\/\/dev2.goarchitecture.site\/producto\/32-patrones-go\/"},"modified":"2025-07-03T12:35:16","modified_gmt":"2025-07-03T17:35:16","slug":"32-patrones-go","status":"publish","type":"product","link":"https:\/\/dev2.goarchitecture.site\/es\/producto\/32-patrones-go\/","title":{"rendered":"32 PATRONES &#8211; GO"},"content":{"rendered":"<p>Biblioteca de patrones de Adobe Illustrator para planos, secciones y alzados y dibujos vectoriales.<\/p>\n<p>&nbsp;<\/p>\n<p>32 patrones arquitect\u00f3nicos sin fisuras. Enriquece tu presentaci\u00f3n arquitect\u00f3nica con asombrosos patrones de Grava, ladrillos, puntos, l\u00edneas, baldosas, hormig\u00f3n y tierra.<\/p>\n<p>&nbsp;<\/p>\n<p>Los patrones de Illustrator funcionan como la biblioteca de tramas de Autocad. Util\u00edzalo para definir mejor tus materiales, aclarar tus detalles y dar m\u00e1s realismo a tus dibujos.<\/p>\n<p>&nbsp;<\/p>\n<p>Biblioteca JPG, AI<br \/>\nPor : GO arquitectura<\/p>\n<p>&nbsp;<\/p>\n<p>&nbsp;<\/p>\n<p>&nbsp;<\/p>\n<p>INSTRUCCIONES:<\/p>\n<p>&nbsp;<\/p>\n<p>Las ilustraciones se entregar\u00e1n en formato .RAR, por lo que ser\u00e1 necesario descomprimirlas con un programa gratuito como WinRar. Una vez extra\u00eddas, \u00a1estar\u00e1n listas para que las utilices!<\/p>\n<p>&nbsp;<\/p>\n","protected":false},"excerpt":{"rendered":"<p>Biblioteca de patrones de Adobe Illustrator para planos, secciones y alzados y dibujos vectoriales.<\/p>\n<p>&nbsp;<\/p>\n<p>32 patrones arquitect\u00f3nicos sin fisuras. Enriquece tu presentaci\u00f3n arquitect\u00f3nica con asombrosos patrones de Grava, ladrillos, puntos, l\u00edneas, baldosas, hormig\u00f3n y tierra.<\/p>\n<p>&nbsp;<\/p>\n<p>Los patrones de Illustrator funcionan como la biblioteca de tramas de Autocad. Util\u00edzalo para definir mejor tus materiales, aclarar tus detalles y dar m\u00e1s realismo a tus dibujos.<\/p>\n<p>&nbsp;<\/p>\n<p>JPG, Biblioteca AI<\/p>\n","protected":false},"featured_media":24307,"comment_status":"open","ping_status":"closed","template":"","meta":{"_acf_changed":false},"product_brand":[],"product_cat":[1103,1117,1114,1107,1126,1102,1115,1122],"product_tag":[1194,1436,1437,1166],"class_list":{"0":"post-24311","1":"product","2":"type-product","3":"status-publish","4":"has-post-thumbnail","6":"product_cat-coleccion","7":"product_cat-illustrator-es","8":"product_cat-nuevo","9":"product_cat-patrones","10":"product_cat-png-es","11":"product_cat-recursos","12":"product_cat-software-es","13":"product_cat-tipo","14":"product_tag-illustrator-es","15":"product_tag-patron","16":"product_tag-sin-costuras","17":"product_tag-textura","19":"first","20":"instock","21":"sale","22":"downloadable","23":"virtual","24":"purchasable","25":"product-type-simple"},"acf":[],"_links":{"self":[{"href":"https:\/\/dev2.goarchitecture.site\/es\/wp-json\/wp\/v2\/product\/24311","targetHints":{"allow":["GET"]}}],"collection":[{"href":"https:\/\/dev2.goarchitecture.site\/es\/wp-json\/wp\/v2\/product"}],"about":[{"href":"https:\/\/dev2.goarchitecture.site\/es\/wp-json\/wp\/v2\/types\/product"}],"replies":[{"embeddable":true,"href":"https:\/\/dev2.goarchitecture.site\/es\/wp-json\/wp\/v2\/comments?post=24311"}],"wp:featuredmedia":[{"embeddable":true,"href":"https:\/\/dev2.goarchitecture.site\/es\/wp-json\/wp\/v2\/media\/24307"}],"wp:attachment":[{"href":"https:\/\/dev2.goarchitecture.site\/es\/wp-json\/wp\/v2\/media?parent=24311"}],"wp:term":[{"taxonomy":"product_brand","embeddable":true,"href":"https:\/\/dev2.goarchitecture.site\/es\/wp-json\/wp\/v2\/product_brand?post=24311"},{"taxonomy":"product_cat","embeddable":true,"href":"https:\/\/dev2.goarchitecture.site\/es\/wp-json\/wp\/v2\/product_cat?post=24311"},{"taxonomy":"product_tag","embeddable":true,"href":"https:\/\/dev2.goarchitecture.site\/es\/wp-json\/wp\/v2\/product_tag?post=24311"}],"curies":[{"name":"wp","href":"https:\/\/api.w.org\/{rel}","templated":true}]}}