{"id":20955,"date":"2024-02-19T20:07:02","date_gmt":"2024-02-20T01:07:02","guid":{"rendered":"https:\/\/dev2.goarchitecture.site\/producto\/arboles-delineados-go\/"},"modified":"2025-06-21T09:33:39","modified_gmt":"2025-06-21T14:33:39","slug":"arboles-delineados-go","status":"publish","type":"product","link":"https:\/\/dev2.goarchitecture.site\/es\/producto\/arboles-delineados-go\/","title":{"rendered":"\u00c1RBOLES DELINEADOS &#8211; GO"},"content":{"rendered":"<p>20 \u00e1rboles ilustrados con contornos vectoriales planos<\/p>\n<p>una excelente opci\u00f3n para tus dibujos arquitect\u00f3nicos ( Secciones, Alzados, Planos, Collages, etc.)<\/p>\n<p>Formato de archivo: PNG + AI + CAD (dwg)<\/p>\n<p>Por : <a href=\"https:\/\/www.instagram.com\/go_architecture\/\" target=\"_blank\" rel=\"nofollow noopener\">@go_architecture<\/a><\/p>\n<p>INSTRUCCIONES:<\/p>\n<p>Las ilustraciones se entregar\u00e1n en formato .RAR, por lo que ser\u00e1 necesario descomprimirlas con un programa gratuito como WinRar. Una vez extra\u00eddas, \u00a1estar\u00e1n listas para que las utilices!<\/p>\n","protected":false},"excerpt":{"rendered":"<p>20 \u00e1rboles contorneados vectoriales planos ilustrados<\/p>\n<p>&nbsp;<\/p>\n<p>una opci\u00f3n excelente para tus dibujos arquitect\u00f3nicos ( Secciones, Alzados, Planos, Collages, etc.)<\/p>\n<p>Formato de archivo: PNG + AI + CAD (dwg)<\/p>\n<p>Por : <a href=\"https:\/\/www.instagram.com\/go_architecture\/\" target=\"_blank\" rel=\"nofollow noopener\">@go_architecture<\/a><\/p>\n<p>&nbsp;<\/p>\n<p>&nbsp;<\/p>\n<p>&nbsp;<\/p>\n<p>INSTRUCCIONES:<\/p>\n<p>&nbsp;<\/p>\n<p>Las ilustraciones se entregar\u00e1n en formato .RAR, por lo que ser\u00e1 necesario descomprimirlas con un programa gratuito como WinRar. Una vez extra\u00eddas, \u00a1estar\u00e1n listas para que las utilices!<\/p>\n","protected":false},"featured_media":20436,"comment_status":"open","ping_status":"closed","template":"","meta":{"_acf_changed":false},"product_brand":[],"product_cat":[1124,1116,1125,1103,1117,1106,1109,1126,1102,1115,1122],"product_tag":[1128,1221,1134,1204,1212,1160],"class_list":{"0":"post-20955","1":"product","2":"type-product","3":"status-publish","4":"has-post-thumbnail","6":"product_cat-ai-es","7":"product_cat-autocad-es","8":"product_cat-cad-es","9":"product_cat-coleccion","10":"product_cat-illustrator-es","11":"product_cat-naturaleza","12":"product_cat-plantas","13":"product_cat-png-es","14":"product_cat-recursos","15":"product_cat-software-es","16":"product_cat-tipo","17":"product_tag-ai-es","18":"product_tag-arboles","19":"product_tag-cad-es","20":"product_tag-naturaleza","21":"product_tag-plantas","22":"product_tag-png-es","24":"first","25":"instock","26":"sale","27":"downloadable","28":"virtual","29":"purchasable","30":"product-type-simple"},"acf":[],"_links":{"self":[{"href":"https:\/\/dev2.goarchitecture.site\/es\/wp-json\/wp\/v2\/product\/20955","targetHints":{"allow":["GET"]}}],"collection":[{"href":"https:\/\/dev2.goarchitecture.site\/es\/wp-json\/wp\/v2\/product"}],"about":[{"href":"https:\/\/dev2.goarchitecture.site\/es\/wp-json\/wp\/v2\/types\/product"}],"replies":[{"embeddable":true,"href":"https:\/\/dev2.goarchitecture.site\/es\/wp-json\/wp\/v2\/comments?post=20955"}],"wp:featuredmedia":[{"embeddable":true,"href":"https:\/\/dev2.goarchitecture.site\/es\/wp-json\/wp\/v2\/media\/20436"}],"wp:attachment":[{"href":"https:\/\/dev2.goarchitecture.site\/es\/wp-json\/wp\/v2\/media?parent=20955"}],"wp:term":[{"taxonomy":"product_brand","embeddable":true,"href":"https:\/\/dev2.goarchitecture.site\/es\/wp-json\/wp\/v2\/product_brand?post=20955"},{"taxonomy":"product_cat","embeddable":true,"href":"https:\/\/dev2.goarchitecture.site\/es\/wp-json\/wp\/v2\/product_cat?post=20955"},{"taxonomy":"product_tag","embeddable":true,"href":"https:\/\/dev2.goarchitecture.site\/es\/wp-json\/wp\/v2\/product_tag?post=20955"}],"curies":[{"name":"wp","href":"https:\/\/api.w.org\/{rel}","templated":true}]}}