{"id":20953,"date":"2024-02-19T20:10:52","date_gmt":"2024-02-20T01:10:52","guid":{"rendered":"https:\/\/dev2.goarchitecture.site\/producto\/sketch-de-personas\/"},"modified":"2025-07-03T12:46:10","modified_gmt":"2025-07-03T17:46:10","slug":"sketch-de-personas","status":"publish","type":"product","link":"https:\/\/dev2.goarchitecture.site\/es\/producto\/sketch-de-personas\/","title":{"rendered":"SKETCH DE PERSONAS"},"content":{"rendered":"<p>43 bocetos de personas<\/p>\n<p>una excelente opci\u00f3n para tus dibujos arquitect\u00f3nicos ( Secciones, Alzados, Planos, Collages, etc.)<\/p>\n<p>Formato de archivo: PNG + AI<\/p>\n<p>Por : <a href=\"https:\/\/www.instagram.com\/go_architecture\/\" target=\"_blank\" rel=\"nofollow noopener\">@go_architecture<\/a><\/p>\n<p>INSTRUCCIONES:<\/p>\n<p>Las ilustraciones se entregar\u00e1n en formato .RAR, por lo que ser\u00e1 necesario descomprimirlas con un programa gratuito como WinRar. Una vez extra\u00eddas, \u00a1ya est\u00e1n listas para que las utilices!<\/p>\n","protected":false},"excerpt":{"rendered":"<p>Esbozo de 43 personas<\/p>\n<p>&nbsp;<\/p>\n<p>una opci\u00f3n excelente para tus dibujos arquitect\u00f3nicos ( Secciones, Alzados, Planos, Collages, etc.)<\/p>\n<p>Formato de archivo: PNG + AI<\/p>\n<p>Por : <a href=\"https:\/\/www.instagram.com\/go_architecture\/\" target=\"_blank\" rel=\"nofollow noopener\">@go_architecture<\/a><\/p>\n<p>&nbsp;<\/p>\n<p>&nbsp;<\/p>\n<p>&nbsp;<\/p>\n<p>INSTRUCCIONES:<\/p>\n<p>&nbsp;<\/p>\n<p>Las ilustraciones se entregar\u00e1n en formato .RAR, por lo que ser\u00e1 necesario descomprimirlas con un programa gratuito como WinRar. Una vez extra\u00eddas, \u00a1estar\u00e1n listas para que las utilices!<\/p>\n","protected":false},"featured_media":20440,"comment_status":"open","ping_status":"closed","template":"","meta":{"_acf_changed":false},"product_brand":[],"product_cat":[1124,1103,1117,1108,1126,1102,1115,1122],"product_tag":[1128,1163,1207,1160,1224],"class_list":{"0":"post-20953","1":"product","2":"type-product","3":"status-publish","4":"has-post-thumbnail","6":"product_cat-ai-es","7":"product_cat-coleccion","8":"product_cat-illustrator-es","9":"product_cat-personas","10":"product_cat-png-es","11":"product_cat-recursos","12":"product_cat-software-es","13":"product_cat-tipo","14":"product_tag-ai-es","15":"product_tag-boceto","16":"product_tag-personas","17":"product_tag-png-es","18":"product_tag-vector-es","20":"first","21":"instock","22":"sale","23":"downloadable","24":"virtual","25":"purchasable","26":"product-type-simple"},"acf":[],"_links":{"self":[{"href":"https:\/\/dev2.goarchitecture.site\/es\/wp-json\/wp\/v2\/product\/20953","targetHints":{"allow":["GET"]}}],"collection":[{"href":"https:\/\/dev2.goarchitecture.site\/es\/wp-json\/wp\/v2\/product"}],"about":[{"href":"https:\/\/dev2.goarchitecture.site\/es\/wp-json\/wp\/v2\/types\/product"}],"replies":[{"embeddable":true,"href":"https:\/\/dev2.goarchitecture.site\/es\/wp-json\/wp\/v2\/comments?post=20953"}],"wp:featuredmedia":[{"embeddable":true,"href":"https:\/\/dev2.goarchitecture.site\/es\/wp-json\/wp\/v2\/media\/20440"}],"wp:attachment":[{"href":"https:\/\/dev2.goarchitecture.site\/es\/wp-json\/wp\/v2\/media?parent=20953"}],"wp:term":[{"taxonomy":"product_brand","embeddable":true,"href":"https:\/\/dev2.goarchitecture.site\/es\/wp-json\/wp\/v2\/product_brand?post=20953"},{"taxonomy":"product_cat","embeddable":true,"href":"https:\/\/dev2.goarchitecture.site\/es\/wp-json\/wp\/v2\/product_cat?post=20953"},{"taxonomy":"product_tag","embeddable":true,"href":"https:\/\/dev2.goarchitecture.site\/es\/wp-json\/wp\/v2\/product_tag?post=20953"}],"curies":[{"name":"wp","href":"https:\/\/api.w.org\/{rel}","templated":true}]}}