{"id":20949,"date":"2024-02-19T20:19:58","date_gmt":"2024-02-20T01:19:58","guid":{"rendered":"https:\/\/dev2.goarchitecture.site\/producto\/pinturas-del-cielo\/"},"modified":"2025-07-03T12:45:18","modified_gmt":"2025-07-03T17:45:18","slug":"pinturas-del-cielo","status":"publish","type":"product","link":"https:\/\/dev2.goarchitecture.site\/es\/producto\/pinturas-del-cielo\/","title":{"rendered":"PINTURAS DEL CIELO"},"content":{"rendered":"<p>53 Pinturas del cielo<\/p>\n<p>una excelente opci\u00f3n para tus dibujos arquitect\u00f3nicos ( Secciones, Alzados, Planos, Collages etc.)<\/p>\n<p>Formato de archivo: PNG<\/p>\n<p>Por : <a href=\"https:\/\/www.instagram.com\/go_architecture\/\" target=\"_blank\" rel=\"nofollow noopener\">@go_architecture<\/a><\/p>\n<p>INSTRUCCIONES:<\/p>\n<p>Las ilustraciones se entregar\u00e1n en formato .RAR, por lo que ser\u00e1 necesario descomprimirlas con un programa gratuito como WinRar. Una vez extra\u00eddas, \u00a1ya est\u00e1n listas para que las utilices!<\/p>\n","protected":false},"excerpt":{"rendered":"<p>53 Pinturas del cielo<\/p>\n<p>&nbsp;<\/p>\n<p>una opci\u00f3n excelente para tus dibujos arquitect\u00f3nicos ( Secciones, Alzados, Planos, Collages, etc.)<\/p>\n<p>Formato de archivo: PNG<\/p>\n<p>Por : <a href=\"https:\/\/www.instagram.com\/go_architecture\/\" target=\"_blank\" rel=\"nofollow noopener\">@go_architecture<\/a><\/p>\n<p>&nbsp;<\/p>\n<p>&nbsp;<\/p>\n<p>&nbsp;<\/p>\n<p>INSTRUCCIONES:<\/p>\n<p>&nbsp;<\/p>\n<p>Las ilustraciones se entregar\u00e1n en formato .RAR, por lo que ser\u00e1 necesario descomprimirlas con un programa gratuito como WinRar. Una vez extra\u00eddas, \u00a1estar\u00e1n listas para que las utilices!<\/p>\n","protected":false},"featured_media":20448,"comment_status":"open","ping_status":"closed","template":"","meta":{"_acf_changed":false},"product_brand":[],"product_cat":[1103,1106,1119,1126,1102,1115,1122],"product_tag":[1164,1132,1160,1166],"class_list":{"0":"post-20949","1":"product","2":"type-product","3":"status-publish","4":"has-post-thumbnail","6":"product_cat-coleccion","7":"product_cat-naturaleza","8":"product_cat-photoshop-es","9":"product_cat-png-es","10":"product_cat-recursos","11":"product_cat-software-es","12":"product_cat-tipo","13":"product_tag-cielo","14":"product_tag-fondo","15":"product_tag-png-es","16":"product_tag-textura","18":"first","19":"instock","20":"sale","21":"downloadable","22":"virtual","23":"purchasable","24":"product-type-simple"},"acf":[],"_links":{"self":[{"href":"https:\/\/dev2.goarchitecture.site\/es\/wp-json\/wp\/v2\/product\/20949","targetHints":{"allow":["GET"]}}],"collection":[{"href":"https:\/\/dev2.goarchitecture.site\/es\/wp-json\/wp\/v2\/product"}],"about":[{"href":"https:\/\/dev2.goarchitecture.site\/es\/wp-json\/wp\/v2\/types\/product"}],"replies":[{"embeddable":true,"href":"https:\/\/dev2.goarchitecture.site\/es\/wp-json\/wp\/v2\/comments?post=20949"}],"wp:featuredmedia":[{"embeddable":true,"href":"https:\/\/dev2.goarchitecture.site\/es\/wp-json\/wp\/v2\/media\/20448"}],"wp:attachment":[{"href":"https:\/\/dev2.goarchitecture.site\/es\/wp-json\/wp\/v2\/media?parent=20949"}],"wp:term":[{"taxonomy":"product_brand","embeddable":true,"href":"https:\/\/dev2.goarchitecture.site\/es\/wp-json\/wp\/v2\/product_brand?post=20949"},{"taxonomy":"product_cat","embeddable":true,"href":"https:\/\/dev2.goarchitecture.site\/es\/wp-json\/wp\/v2\/product_cat?post=20949"},{"taxonomy":"product_tag","embeddable":true,"href":"https:\/\/dev2.goarchitecture.site\/es\/wp-json\/wp\/v2\/product_tag?post=20949"}],"curies":[{"name":"wp","href":"https:\/\/api.w.org\/{rel}","templated":true}]}}