{"id":20625,"date":"2023-10-10T17:39:31","date_gmt":"2023-10-10T22:39:31","guid":{"rendered":"https:\/\/dev2.goarchitecture.site\/politica-de-privacidad\/"},"modified":"2026-04-21T21:23:32","modified_gmt":"2026-04-22T02:23:32","slug":"politica-de-privacidad","status":"publish","type":"page","link":"https:\/\/dev2.goarchitecture.site\/es\/politica-de-privacidad\/","title":{"rendered":"Pol\u00edtica de privacidad"},"content":{"rendered":"\t\t<div data-elementor-type=\"wp-page\" data-elementor-id=\"20625\" class=\"elementor elementor-20625 elementor-3\" data-elementor-post-type=\"page\">\n\t\t\t\t<div class=\"elementor-element elementor-element-10a35939 e-flex e-con-boxed e-con e-parent\" data-id=\"10a35939\" data-element_type=\"container\" data-e-type=\"container\">\n\t\t\t\t\t<div class=\"e-con-inner\">\n\t\t\t\t<div class=\"elementor-element elementor-element-25b8bc86 terms elementor-widget elementor-widget-text-editor\" data-id=\"25b8bc86\" data-element_type=\"widget\" data-e-type=\"widget\" data-widget_type=\"text-editor.default\">\n\t\t\t\t<div class=\"elementor-widget-container\">\n\t\t\t\t\t\t\t\t\t<h1>Pol\u00edtica de privacidad &#8211; GO Architecture<\/h2>\n<p><strong>\u00daltima actualizaci\u00f3n:<\/strong> 21 de abril de 2026<\/p>\n\n<h3>QUI\u00c9NES SOMOS<\/h3>\n<p>Go Architecture (\u00abnosotros\u00bb, \u00abnuestro\u00bb o \u00abnos\u00bb) es una plataforma en l\u00ednea que capacita a creadores y alumnos a trav\u00e9s de contenidos educativos, incluidos cursos en l\u00ednea, recursos y funciones de comunidad.<\/p>\n<p>Nuestra misi\u00f3n es fomentar una pr\u00f3spera comunidad de personas dedicadas al aprendizaje, el crecimiento y la expresi\u00f3n creativa.<\/p>\n\n<h3>\u00bfQU\u00c9 INFORMACI\u00d3N RECOGEMOS?<\/h3>\n\n<h4>Informaci\u00f3n de la cuenta<\/h4>\n<p>Cuando creas una cuenta, podemos recopilar informaci\u00f3n personal como tu nombre, direcci\u00f3n de correo electr\u00f3nico, pa\u00eds y cualquier otra informaci\u00f3n que proporciones voluntariamente.<\/p>\n\n<h4>Informaci\u00f3n de compra<\/h4>\n<p>Cuando compras un curso o un servicio, recopilamos informaci\u00f3n relacionada con tu transacci\u00f3n, como los productos adquiridos, la fecha de compra y los detalles de la transacci\u00f3n. La informaci\u00f3n de pago es procesada de forma segura por proveedores externos, y no almacenamos tus datos de pago completos. <\/p>\n\n<h4>Datos de la actividad del curso<\/h4>\n<p>Podemos recopilar informaci\u00f3n sobre tu actividad dentro de la plataforma, incluidos los cursos en los que te has inscrito, el progreso, las lecciones completadas y las interacciones con el contenido del curso.<\/p>\n\n<h4>Comunicaciones<\/h4>\n<p>Si te pones en contacto con nosotros o te suscribes a comunicaciones, recopilamos tu direcci\u00f3n de correo electr\u00f3nico y cualquier informaci\u00f3n que nos proporciones.<\/p>\n\n<h4>Datos t\u00e9cnicos<\/h4>\n<p>Podemos recopilar autom\u00e1ticamente informaci\u00f3n t\u00e9cnica como la direcci\u00f3n IP, el tipo de navegador, informaci\u00f3n del dispositivo, p\u00e1ginas visitadas y datos de uso a trav\u00e9s de cookies y tecnolog\u00edas similares.<\/p>\n\n<h4>Comentarios<\/h4>\n<p>Cuando los visitantes dejan comentarios en el sitio, recogemos los datos que aparecen en el formulario de comentarios, junto con la direcci\u00f3n IP del visitante y la cadena de agente de usuario del navegador para ayudar a la detecci\u00f3n de spam.<\/p>\n\n<h4>Gravatar<\/h4>\n<p>Una cadena anonimizada (hash) creada a partir de tu direcci\u00f3n de correo electr\u00f3nico puede ser enviada al servicio Gravatar para determinar si lo est\u00e1s utilizando. Puedes consultar su pol\u00edtica de privacidad en https:\/\/automattic.com\/privacy\/ <\/p>\n\n<h4>Medios de comunicaci\u00f3n<\/h4>\n<p>Si subes im\u00e1genes, debes evitar incluir datos de localizaci\u00f3n incrustados (EXIF GPS), ya que los visitantes pueden descargar y extraer dichos datos.<\/p>\n\n<h3>COOKIES<\/h3>\n\n<h4>Comentario Galletas<\/h4>\n<p>Guarda tu nombre y correo electr\u00f3nico para futuros comentarios (hasta un a\u00f1o).<\/p>\n\n<h4>Cookies de inicio de sesi\u00f3n<\/h4>\n<p>Almacena las sesiones de inicio de sesi\u00f3n y las preferencias.<\/p>\n\n<h4>Cookies temporales<\/h4>\n<p>Sirve para comprobar la compatibilidad del navegador.<\/p>\n\n<h4>Editar cookies<\/h4>\n<p>Se utiliza al editar o publicar contenidos.<\/p>\n\n<p>Puedes controlar las cookies a trav\u00e9s de la configuraci\u00f3n de tu navegador.<\/p>\n\n<h3>C\u00d3MO UTILIZAMOS TU INFORMACI\u00d3N<\/h3>\n<ul>\n<li>Crea y gestiona tu cuenta<\/li>\n<li>Proporcionar acceso a cursos y servicios adquiridos<\/li>\n<li>Procesar pagos y transacciones<\/li>\n<li>Comunicarnos contigo sobre tu cuenta o actualizaciones<\/li>\n<li>Mejorar nuestra plataforma y la experiencia del usuario<\/li>\n<li>Enviar comunicaciones de marketing (puedes excluirte en cualquier momento)<\/li>\n<\/ul>\n\n<h3>PAGOS<\/h3>\n<p>Los pagos son procesados por proveedores externos como PayPal. No almacenamos ni tenemos acceso a tus datos de pago completos. <\/p>\n<p>Estos proveedores operan bajo sus propias pol\u00edticas de privacidad.<\/p>\n\n<h3>SERVICIOS DE TERCEROS<\/h3>\n<p>Podemos utilizar servicios de terceros, como herramientas de an\u00e1lisis, proveedores de alojamiento y procesadores de pagos.<\/p>\n<p>Estos servicios pueden recoger informaci\u00f3n como tu direcci\u00f3n IP o datos de uso.<\/p>\n\n<h3>CONTENIDO INCRUSTADO DE OTROS SITIOS WEB<\/h3>\n<p>El contenido de este sitio puede incluir contenido incrustado (por ejemplo, v\u00eddeos, im\u00e1genes). \u00c9stos se comportan como si visitaras el sitio web externo y pueden recoger datos sobre ti. <\/p>\n\n<h3>CON QUI\u00c9N COMPARTIMOS TUS DATOS<\/h3>\n<p>No vendemos tus datos personales.<\/p>\n<p>Podemos compartir tus datos con terceros de confianza cuando sea necesario para:<\/p>\n<ul>\n<li>Procesar pagos<\/li>\n<li>Operar la plataforma<\/li>\n<li>Prestar servicios<\/li>\n<li>Cumplir las obligaciones legales<\/li>\n<\/ul>\n\n<h3>CU\u00c1NTO TIEMPO CONSERVAMOS TUS DATOS<\/h3>\n\n<h4>Comentarios<\/h4>\n<p>Si dejas un comentario, el comentario y sus metadatos se conservan indefinidamente. Esto nos permite reconocer y aprobar autom\u00e1ticamente los comentarios de seguimiento.<\/p>\n\n<h4>Cuentas de usuario<\/h4>\n<p>Conservamos la informaci\u00f3n personal asociada a tu cuenta mientras \u00e9sta permanezca activa. Puedes editar o eliminar tu informaci\u00f3n personal en cualquier momento. <\/p>\n\n<h4>Datos de compras y transacciones<\/h4>\n<p>Conservamos los registros de compras y transacciones durante el tiempo necesario para cumplir con las obligaciones legales, fiscales y contables.<\/p>\n\n<h4>Despu\u00e9s de eliminar la cuenta<\/h4>\n<p>Si eliminas tu cuenta, podemos conservar cierta informaci\u00f3n cuando sea necesario por motivos legales, de seguridad, prevenci\u00f3n del fraude o fines comerciales leg\u00edtimos.<\/p>\n\n<h4>Retenci\u00f3n General<\/h4>\n<p>Conservamos los datos personales s\u00f3lo durante el tiempo necesario para cumplir los fines descritos en esta Pol\u00edtica de privacidad, a menos que la ley exija o permita un per\u00edodo de conservaci\u00f3n m\u00e1s largo.<\/p>\n\n<h3>QU\u00c9 DERECHOS TIENES SOBRE TUS DATOS<\/h3>\n<ul>\n<li>Solicitar acceso a tus datos personales<\/li>\n<li>Solicitar la correcci\u00f3n de datos inexactos<\/li>\n<li>Solicitar la supresi\u00f3n de tus datos<\/li>\n<li>Solicitar una copia (exportaci\u00f3n) de tus datos<\/li>\n<\/ul>\n\n<p>Algunos datos pueden conservarse cuando as\u00ed lo exija la ley.<\/p>\n\n<h3>TRANSFERENCIAS INTERNACIONALES DE DATOS<\/h3>\n<p>Tu informaci\u00f3n puede ser transferida y almacenada en servidores fuera de tu pa\u00eds.<\/p>\n<p>Al utilizar nuestros Servicios, das tu consentimiento a estas transferencias.<\/p>\n\n<h3>SEGURIDAD DE LOS DATOS<\/h3>\n<p>Aplicamos medidas t\u00e9cnicas y organizativas razonables para proteger tus datos. Sin embargo, ning\u00fan sistema es completamente seguro. <\/p>\n\n<h3>CAMBIOS EN ESTA POL\u00cdTICA DE PRIVACIDAD<\/h3>\n<p>Podemos actualizar esta Pol\u00edtica de Privacidad de vez en cuando. Las actualizaciones se publicar\u00e1n en esta p\u00e1gina con una fecha revisada.<\/p>\n\n<h3>CONT\u00c1CTANOS<\/h3>\n<p>Si tienes alguna pregunta, ponte en contacto con nosotros en:<br>contact@dev2.goarchitecture.site<\/p>\t\t\t\t\t\t\t\t<\/div>\n\t\t\t\t<\/div>\n\t\t\t\t\t<\/div>\n\t\t\t\t<\/div>\n\t\t\t\t<\/div>\n\t\t","protected":false},"excerpt":{"rendered":"<p>Pol\u00edtica de privacidad &#8211; GO Architecture \u00daltima actualizaci\u00f3n: 21 de abril de 2026 QUI\u00c9NES SOMOS Go Architecture (\u00abnosotros\u00bb, \u00abnuestro\u00bb o<\/p>\n","protected":false},"author":1,"featured_media":0,"parent":0,"menu_order":0,"comment_status":"closed","ping_status":"open","template":"","meta":{"_acf_changed":false,"_tutorstarter_page_metadata":[],"footnotes":""},"class_list":["post-20625","page","type-page","status-publish","hentry"],"acf":[],"_links":{"self":[{"href":"https:\/\/dev2.goarchitecture.site\/es\/wp-json\/wp\/v2\/pages\/20625","targetHints":{"allow":["GET"]}}],"collection":[{"href":"https:\/\/dev2.goarchitecture.site\/es\/wp-json\/wp\/v2\/pages"}],"about":[{"href":"https:\/\/dev2.goarchitecture.site\/es\/wp-json\/wp\/v2\/types\/page"}],"author":[{"embeddable":true,"href":"https:\/\/dev2.goarchitecture.site\/es\/wp-json\/wp\/v2\/users\/1"}],"replies":[{"embeddable":true,"href":"https:\/\/dev2.goarchitecture.site\/es\/wp-json\/wp\/v2\/comments?post=20625"}],"version-history":[{"count":5,"href":"https:\/\/dev2.goarchitecture.site\/es\/wp-json\/wp\/v2\/pages\/20625\/revisions"}],"predecessor-version":[{"id":35093,"href":"https:\/\/dev2.goarchitecture.site\/es\/wp-json\/wp\/v2\/pages\/20625\/revisions\/35093"}],"wp:attachment":[{"href":"https:\/\/dev2.goarchitecture.site\/es\/wp-json\/wp\/v2\/media?parent=20625"}],"curies":[{"name":"wp","href":"https:\/\/api.w.org\/{rel}","templated":true}]}}