{"id":20624,"date":"2023-11-20T22:43:56","date_gmt":"2023-11-21T03:43:56","guid":{"rendered":"https:\/\/dev2.goarchitecture.site\/pedido\/"},"modified":"2026-04-25T13:37:52","modified_gmt":"2026-04-25T18:37:52","slug":"checkout","status":"publish","type":"page","link":"https:\/\/dev2.goarchitecture.site\/es\/checkout\/","title":{"rendered":"Pago"},"content":{"rendered":"\t\t<div data-elementor-type=\"wp-page\" data-elementor-id=\"20624\" class=\"elementor elementor-20624 elementor-13839\" data-elementor-post-type=\"page\">\n\t\t\t\t<div class=\"elementor-element elementor-element-31d88d56 e-con-full e-flex e-con e-parent\" data-id=\"31d88d56\" data-element_type=\"container\" data-e-type=\"container\" data-settings=\"{&quot;background_background&quot;:&quot;classic&quot;}\">\n\t\t\t\t<div class=\"elementor-element elementor-element-1c76f3a2 pagina-checkout elementor-widget elementor-widget-text-editor\" data-id=\"1c76f3a2\" data-element_type=\"widget\" data-e-type=\"widget\" id=\"check\" data-widget_type=\"text-editor.default\">\n\t\t\t\t<div class=\"elementor-widget-container\">\n\t\t\t\t\t\t\t\t\t<p><div class=\"woocommerce\"><\/div><\/p>\t\t\t\t\t\t\t\t<\/div>\n\t\t\t\t<\/div>\n\t\t<div class=\"elementor-element elementor-element-0184b9c e-con-full contenedor-2-pagos e-flex e-con e-child\" data-id=\"0184b9c\" data-element_type=\"container\" data-e-type=\"container\">\n\t\t\t\t<div class=\"elementor-element elementor-element-3609418 elementor-widget elementor-widget-heading\" data-id=\"3609418\" data-element_type=\"widget\" data-e-type=\"widget\" data-widget_type=\"heading.default\">\n\t\t\t\t<div class=\"elementor-widget-container\">\n\t\t\t\t\t<h2 class=\"elementor-heading-title elementor-size-default\">Pago 100% seguro<\/h2>\t\t\t\t<\/div>\n\t\t\t\t<\/div>\n\t\t\t\t<div class=\"elementor-element elementor-element-cbab7f3 elementor-widget elementor-widget-text-editor\" data-id=\"cbab7f3\" data-element_type=\"widget\" data-e-type=\"widget\" data-widget_type=\"text-editor.default\">\n\t\t\t\t<div class=\"elementor-widget-container\">\n\t\t\t\t\t\t\t\t\t<p>Paga de forma segura a trav\u00e9s de PayPal con tu <strong data-start=\"334\" data-end=\"381\">tarjeta de cr\u00e9dito, tarjeta de d\u00e9bito o saldo de PayPal.<\/strong><\/p>\t\t\t\t\t\t\t\t<\/div>\n\t\t\t\t<\/div>\n\t\t\t\t<div class=\"elementor-element elementor-element-8c18eee elementor-widget elementor-widget-image\" data-id=\"8c18eee\" data-element_type=\"widget\" data-e-type=\"widget\" data-widget_type=\"image.default\">\n\t\t\t\t<div class=\"elementor-widget-container\">\n\t\t\t\t\t\t\t\t\t\t\t\t\t\t\t<img fetchpriority=\"high\" decoding=\"async\" width=\"745\" height=\"94\" src=\"https:\/\/dev2.goarchitecture.site\/wp-content\/uploads\/2026\/03\/payment-methods.jpg\" class=\"attachment-large size-large wp-image-31440\" alt=\"\" srcset=\"https:\/\/dev2.goarchitecture.site\/wp-content\/uploads\/2026\/03\/payment-methods.jpg 745w, https:\/\/dev2.goarchitecture.site\/wp-content\/uploads\/2026\/03\/payment-methods-300x38.jpg 300w, https:\/\/dev2.goarchitecture.site\/wp-content\/uploads\/2026\/03\/payment-methods-600x76.jpg 600w, https:\/\/dev2.goarchitecture.site\/wp-content\/uploads\/2026\/03\/payment-methods-220x28.jpg 220w\" sizes=\"(max-width: 745px) 100vw, 745px\" \/>\t\t\t\t\t\t\t\t\t\t\t\t\t\t\t<\/div>\n\t\t\t\t<\/div>\n\t\t\t\t<\/div>\n\t\t\t\t<\/div>\n\t\t\t\t<\/div>\n\t\t","protected":false},"excerpt":{"rendered":"<p>Pago 100% seguro Paga de forma segura a trav\u00e9s de PayPal con tu tarjeta de cr\u00e9dito, tarjeta de d\u00e9bito o<\/p>\n","protected":false},"author":1,"featured_media":35210,"parent":0,"menu_order":0,"comment_status":"closed","ping_status":"closed","template":"","meta":{"_acf_changed":false,"_tutorstarter_page_metadata":[],"footnotes":""},"class_list":["post-20624","page","type-page","status-publish","has-post-thumbnail","hentry"],"acf":[],"_links":{"self":[{"href":"https:\/\/dev2.goarchitecture.site\/es\/wp-json\/wp\/v2\/pages\/20624","targetHints":{"allow":["GET"]}}],"collection":[{"href":"https:\/\/dev2.goarchitecture.site\/es\/wp-json\/wp\/v2\/pages"}],"about":[{"href":"https:\/\/dev2.goarchitecture.site\/es\/wp-json\/wp\/v2\/types\/page"}],"author":[{"embeddable":true,"href":"https:\/\/dev2.goarchitecture.site\/es\/wp-json\/wp\/v2\/users\/1"}],"replies":[{"embeddable":true,"href":"https:\/\/dev2.goarchitecture.site\/es\/wp-json\/wp\/v2\/comments?post=20624"}],"version-history":[{"count":17,"href":"https:\/\/dev2.goarchitecture.site\/es\/wp-json\/wp\/v2\/pages\/20624\/revisions"}],"predecessor-version":[{"id":34550,"href":"https:\/\/dev2.goarchitecture.site\/es\/wp-json\/wp\/v2\/pages\/20624\/revisions\/34550"}],"wp:featuredmedia":[{"embeddable":true,"href":"https:\/\/dev2.goarchitecture.site\/es\/wp-json\/wp\/v2\/media\/35210"}],"wp:attachment":[{"href":"https:\/\/dev2.goarchitecture.site\/es\/wp-json\/wp\/v2\/media?parent=20624"}],"curies":[{"name":"wp","href":"https:\/\/api.w.org\/{rel}","templated":true}]}}